{"id":4556,"date":"2020-11-01T17:32:46","date_gmt":"2020-11-01T16:32:46","guid":{"rendered":"http:\/\/affair.grochowski.usermd.net\/?post_type=product&#038;p=4556"},"modified":"2026-05-13T01:25:09","modified_gmt":"2026-05-12T23:25:09","slug":"spodniczka-milly","status":"publish","type":"product","link":"https:\/\/affair.pl\/en\/produkt\/spodniczka-milly\/","title":{"rendered":"Sp\u00f3dniczka Milly"},"content":{"rendered":"<ul>\n<li>Sp\u00f3dniczka wykonana ze zwiewnej tkaniny jedwabnej.<\/li>\n<li>Sp\u00f3dniczka posiada w talii gum\u0119 dzi\u0119ki czemu b\u0119dzie pasowa\u0107 na rozmiary 34, 36, 38.<\/li>\n<li>B\u0119dzie idealnie wsp\u00f3\u0142gra\u0107 z bia\u0142ym t-shirtem Ivy lub Zoe.<\/li>\n<li>Dost\u0119pna w rozmiarze One size.<\/li>\n<li>Sk\u0142ad: 100% jedwab.<\/li>\n<\/ul>\n<p class=\"s8gg2 _149OH\" data-hook=\"info-section-title\">WYMIARY<\/p>\n<div class=\"WncCi\" data-hook=\"info-section-description\">\n<ul>\n<li>D\u0142ugo\u015b\u0107 ca\u0142kowita : 45 cm<\/li>\n<li>Obw\u00f3d w talii : od 68 cm do 86 cm<\/li>\n<li>Obw\u00f3d bioder : 120 cm<\/li>\n<\/ul>\n<\/div>\n","protected":false},"excerpt":{"rendered":"<p>Sp\u00f3dniczka wykonana ze zwiewnej tkaniny jedwabnej. Sp\u00f3dniczka posiada w talii gum\u0119 dzi\u0119ki czemu b\u0119dzie pasowa\u0107 na rozmiary 34, 36, 38. B\u0119dzie idealnie wsp\u00f3\u0142gra\u0107 z bia\u0142ym t-shirtem Ivy lub Zoe. Dost\u0119pna w rozmiarze One size. Sk\u0142ad: 100% jedwab. WYMIARY D\u0142ugo\u015b\u0107 ca\u0142kowita : 45 cm Obw\u00f3d w talii : od 68 cm do 86 cm Obw\u00f3d bioder [&hellip;]<\/p>\n","protected":false},"featured_media":0,"template":"","meta":{"_acf_changed":false,"inline_featured_image":false},"product_brand":[],"product_cat":[92],"product_tag":[],"class_list":{"0":"post-4556","1":"product","2":"type-product","3":"status-publish","5":"product_cat-spodnice","7":"first","8":"outofstock","9":"sold-individually","10":"taxable","11":"shipping-taxable","12":"purchasable","13":"product-type-variable"},"acf":[],"yoast_head":"<!-- This site is optimized with the Yoast SEO plugin v27.5 - https:\/\/yoast.com\/product\/yoast-seo-wordpress\/ -->\n<title>Sp\u00f3dniczka Milly - Affair<\/title>\n<meta name=\"robots\" content=\"index, follow, max-snippet:-1, max-image-preview:large, max-video-preview:-1\" \/>\n<link rel=\"canonical\" href=\"https:\/\/affair.pl\/en\/produkt\/spodniczka-milly\/\" \/>\n<meta property=\"og:locale\" content=\"en_US\" \/>\n<meta property=\"og:type\" content=\"article\" \/>\n<meta property=\"og:title\" content=\"Sp\u00f3dniczka Milly - Affair\" \/>\n<meta property=\"og:description\" content=\"Sp\u00f3dniczka wykonana ze zwiewnej tkaniny jedwabnej. Sp\u00f3dniczka posiada w talii gum\u0119 dzi\u0119ki czemu b\u0119dzie pasowa\u0107 na rozmiary 34, 36, 38. B\u0119dzie idealnie wsp\u00f3\u0142gra\u0107 z bia\u0142ym t-shirtem Ivy lub Zoe. Dost\u0119pna w rozmiarze One size. Sk\u0142ad: 100% jedwab. WYMIARY D\u0142ugo\u015b\u0107 ca\u0142kowita : 45 cm Obw\u00f3d w talii : od 68 cm do 86 cm Obw\u00f3d bioder [&hellip;]\" \/>\n<meta property=\"og:url\" content=\"https:\/\/affair.pl\/en\/produkt\/spodniczka-milly\/\" \/>\n<meta property=\"og:site_name\" content=\"Affair\" \/>\n<meta property=\"article:publisher\" content=\"https:\/\/www.facebook.com\/Affair-315460489176436\" \/>\n<meta property=\"article:modified_time\" content=\"2026-05-12T23:25:09+00:00\" \/>\n<meta name=\"twitter:card\" content=\"summary_large_image\" \/>\n<meta name=\"twitter:label1\" content=\"Est. reading time\" \/>\n\t<meta name=\"twitter:data1\" content=\"1 minute\" \/>\n<script type=\"application\/ld+json\" class=\"yoast-schema-graph\">{\"@context\":\"https:\\\/\\\/schema.org\",\"@graph\":[{\"@type\":\"WebPage\",\"@id\":\"https:\\\/\\\/affair.pl\\\/en\\\/produkt\\\/spodniczka-milly\\\/\",\"url\":\"https:\\\/\\\/affair.pl\\\/en\\\/produkt\\\/spodniczka-milly\\\/\",\"name\":\"Sp\u00f3dniczka Milly - Affair\",\"isPartOf\":{\"@id\":\"https:\\\/\\\/affair.pl\\\/en\\\/#website\"},\"datePublished\":\"2020-11-01T16:32:46+00:00\",\"dateModified\":\"2026-05-12T23:25:09+00:00\",\"breadcrumb\":{\"@id\":\"https:\\\/\\\/affair.pl\\\/en\\\/produkt\\\/spodniczka-milly\\\/#breadcrumb\"},\"inLanguage\":\"en-US\",\"potentialAction\":[{\"@type\":\"ReadAction\",\"target\":[\"https:\\\/\\\/affair.pl\\\/en\\\/produkt\\\/spodniczka-milly\\\/\"]}]},{\"@type\":\"BreadcrumbList\",\"@id\":\"https:\\\/\\\/affair.pl\\\/en\\\/produkt\\\/spodniczka-milly\\\/#breadcrumb\",\"itemListElement\":[{\"@type\":\"ListItem\",\"position\":1,\"name\":\"Affair\",\"item\":\"https:\\\/\\\/affair.pl\\\/en\\\/\"},{\"@type\":\"ListItem\",\"position\":2,\"name\":\"Shop\",\"item\":\"https:\\\/\\\/affair.pl\\\/en\\\/sklep\\\/\"},{\"@type\":\"ListItem\",\"position\":3,\"name\":\"Sp\u00f3dniczka Milly\"}]},{\"@type\":\"WebSite\",\"@id\":\"https:\\\/\\\/affair.pl\\\/en\\\/#website\",\"url\":\"https:\\\/\\\/affair.pl\\\/en\\\/\",\"name\":\"Affair\",\"description\":\"Polska Marka | Sukienki damskie | Sukienki wieczorowe\",\"publisher\":{\"@id\":\"https:\\\/\\\/affair.pl\\\/en\\\/#organization\"},\"potentialAction\":[{\"@type\":\"SearchAction\",\"target\":{\"@type\":\"EntryPoint\",\"urlTemplate\":\"https:\\\/\\\/affair.pl\\\/en\\\/?s={search_term_string}\"},\"query-input\":{\"@type\":\"PropertyValueSpecification\",\"valueRequired\":true,\"valueName\":\"search_term_string\"}}],\"inLanguage\":\"en-US\"},{\"@type\":\"Organization\",\"@id\":\"https:\\\/\\\/affair.pl\\\/en\\\/#organization\",\"name\":\"Affair\",\"url\":\"https:\\\/\\\/affair.pl\\\/en\\\/\",\"logo\":{\"@type\":\"ImageObject\",\"inLanguage\":\"en-US\",\"@id\":\"https:\\\/\\\/affair.pl\\\/en\\\/#\\\/schema\\\/logo\\\/image\\\/\",\"url\":\"https:\\\/\\\/affair.pl\\\/wp-content\\\/uploads\\\/2020\\\/12\\\/affair-logo.svg\",\"contentUrl\":\"https:\\\/\\\/affair.pl\\\/wp-content\\\/uploads\\\/2020\\\/12\\\/affair-logo.svg\",\"width\":\"1024\",\"height\":\"1024\",\"caption\":\"Affair\"},\"image\":{\"@id\":\"https:\\\/\\\/affair.pl\\\/en\\\/#\\\/schema\\\/logo\\\/image\\\/\"},\"sameAs\":[\"https:\\\/\\\/www.facebook.com\\\/Affair-315460489176436\",\"https:\\\/\\\/www.instagram.com\\\/affair_warsaw\\\/\"]}]}<\/script>\n<!-- \/ Yoast SEO plugin. -->","yoast_head_json":{"title":"Sp\u00f3dniczka Milly - Affair","robots":{"index":"index","follow":"follow","max-snippet":"max-snippet:-1","max-image-preview":"max-image-preview:large","max-video-preview":"max-video-preview:-1"},"canonical":"https:\/\/affair.pl\/en\/produkt\/spodniczka-milly\/","og_locale":"en_US","og_type":"article","og_title":"Sp\u00f3dniczka Milly - Affair","og_description":"Sp\u00f3dniczka wykonana ze zwiewnej tkaniny jedwabnej. Sp\u00f3dniczka posiada w talii gum\u0119 dzi\u0119ki czemu b\u0119dzie pasowa\u0107 na rozmiary 34, 36, 38. B\u0119dzie idealnie wsp\u00f3\u0142gra\u0107 z bia\u0142ym t-shirtem Ivy lub Zoe. Dost\u0119pna w rozmiarze One size. Sk\u0142ad: 100% jedwab. WYMIARY D\u0142ugo\u015b\u0107 ca\u0142kowita : 45 cm Obw\u00f3d w talii : od 68 cm do 86 cm Obw\u00f3d bioder [&hellip;]","og_url":"https:\/\/affair.pl\/en\/produkt\/spodniczka-milly\/","og_site_name":"Affair","article_publisher":"https:\/\/www.facebook.com\/Affair-315460489176436","article_modified_time":"2026-05-12T23:25:09+00:00","twitter_card":"summary_large_image","twitter_misc":{"Est. reading time":"1 minute"},"schema":{"@context":"https:\/\/schema.org","@graph":[{"@type":"WebPage","@id":"https:\/\/affair.pl\/en\/produkt\/spodniczka-milly\/","url":"https:\/\/affair.pl\/en\/produkt\/spodniczka-milly\/","name":"Sp\u00f3dniczka Milly - Affair","isPartOf":{"@id":"https:\/\/affair.pl\/en\/#website"},"datePublished":"2020-11-01T16:32:46+00:00","dateModified":"2026-05-12T23:25:09+00:00","breadcrumb":{"@id":"https:\/\/affair.pl\/en\/produkt\/spodniczka-milly\/#breadcrumb"},"inLanguage":"en-US","potentialAction":[{"@type":"ReadAction","target":["https:\/\/affair.pl\/en\/produkt\/spodniczka-milly\/"]}]},{"@type":"BreadcrumbList","@id":"https:\/\/affair.pl\/en\/produkt\/spodniczka-milly\/#breadcrumb","itemListElement":[{"@type":"ListItem","position":1,"name":"Affair","item":"https:\/\/affair.pl\/en\/"},{"@type":"ListItem","position":2,"name":"Shop","item":"https:\/\/affair.pl\/en\/sklep\/"},{"@type":"ListItem","position":3,"name":"Sp\u00f3dniczka Milly"}]},{"@type":"WebSite","@id":"https:\/\/affair.pl\/en\/#website","url":"https:\/\/affair.pl\/en\/","name":"Affair","description":"Polska Marka | Sukienki damskie | Sukienki wieczorowe","publisher":{"@id":"https:\/\/affair.pl\/en\/#organization"},"potentialAction":[{"@type":"SearchAction","target":{"@type":"EntryPoint","urlTemplate":"https:\/\/affair.pl\/en\/?s={search_term_string}"},"query-input":{"@type":"PropertyValueSpecification","valueRequired":true,"valueName":"search_term_string"}}],"inLanguage":"en-US"},{"@type":"Organization","@id":"https:\/\/affair.pl\/en\/#organization","name":"Affair","url":"https:\/\/affair.pl\/en\/","logo":{"@type":"ImageObject","inLanguage":"en-US","@id":"https:\/\/affair.pl\/en\/#\/schema\/logo\/image\/","url":"https:\/\/affair.pl\/wp-content\/uploads\/2020\/12\/affair-logo.svg","contentUrl":"https:\/\/affair.pl\/wp-content\/uploads\/2020\/12\/affair-logo.svg","width":"1024","height":"1024","caption":"Affair"},"image":{"@id":"https:\/\/affair.pl\/en\/#\/schema\/logo\/image\/"},"sameAs":["https:\/\/www.facebook.com\/Affair-315460489176436","https:\/\/www.instagram.com\/affair_warsaw\/"]}]}},"_links":{"self":[{"href":"https:\/\/affair.pl\/en\/wp-json\/wp\/v2\/product\/4556","targetHints":{"allow":["GET"]}}],"collection":[{"href":"https:\/\/affair.pl\/en\/wp-json\/wp\/v2\/product"}],"about":[{"href":"https:\/\/affair.pl\/en\/wp-json\/wp\/v2\/types\/product"}],"wp:attachment":[{"href":"https:\/\/affair.pl\/en\/wp-json\/wp\/v2\/media?parent=4556"}],"wp:term":[{"taxonomy":"product_brand","embeddable":true,"href":"https:\/\/affair.pl\/en\/wp-json\/wp\/v2\/product_brand?post=4556"},{"taxonomy":"product_cat","embeddable":true,"href":"https:\/\/affair.pl\/en\/wp-json\/wp\/v2\/product_cat?post=4556"},{"taxonomy":"product_tag","embeddable":true,"href":"https:\/\/affair.pl\/en\/wp-json\/wp\/v2\/product_tag?post=4556"}],"curies":[{"name":"wp","href":"https:\/\/api.w.org\/{rel}","templated":true}]}}