{"id":4474,"date":"2020-11-01T10:55:05","date_gmt":"2020-11-01T09:55:05","guid":{"rendered":"http:\/\/affair.grochowski.usermd.net\/?post_type=product&#038;p=4474"},"modified":"2022-02-16T14:43:34","modified_gmt":"2022-02-16T13:43:34","slug":"sukienka-daisy","status":"publish","type":"product","link":"https:\/\/affair.pl\/en\/produkt\/sukienka-daisy\/","title":{"rendered":"Sukienka Daisy"},"content":{"rendered":"<ul>\n<li>Sukienka\u00a0mini, zapinana kopertowo, wykonana ze zwiewnej, przyjemnej w dotyku\u00a0wiskozy.<\/li>\n<li>Tkanina w\u00a0klasycznej czerni zadrukowana jest w\u00a0fioletowe kwiaty astry\u00a0&#8211; nadruk autorstwa marki Affair.<\/li>\n<li>Sukienka posiada odpinane na zatrzaski poduchy na ramionach.<\/li>\n<li>Dost\u0119pna w rozmiarach 34, 36, 38 i 40.<\/li>\n<li>Sk\u0142ad : 100% Wiskoza<\/li>\n<\/ul>\n<p>ROZMIAR 36<\/p>\n<ul>\n<li>D\u0142ugo\u015b\u0107 ca\u0142kowita : 90 cm<\/li>\n<li>D\u0142ugo\u015b\u0107 r\u0119kawa : 71 cm<\/li>\n<li>Obw\u00f3d biustu : 100 cm<\/li>\n<li>Obw\u00f3d talii : 68 cm<\/li>\n<li>Obw\u00f3d bioder : 100 cm<\/li>\n<\/ul>\n<p class=\"s8gg2 _149OH\" data-hook=\"info-section-title\">ROZMIAR 38<\/p>\n<div class=\"WncCi\" data-hook=\"info-section-description\">\n<ul>\n<li>D\u0142ugo\u015b\u0107 ca\u0142kowita : 90 cm<\/li>\n<li>D\u0142ugo\u015b\u0107 r\u0119kawa : 71 cm<\/li>\n<li>Obw\u00f3d biustu : 104 cm<\/li>\n<li>Obw\u00f3d talii : 72 cm<\/li>\n<li>Obw\u00f3d bioder : 104 cm<\/li>\n<\/ul>\n<\/div>\n","protected":false},"excerpt":{"rendered":"<p>Sukienka\u00a0mini, zapinana kopertowo, wykonana ze zwiewnej, przyjemnej w dotyku\u00a0wiskozy. Tkanina w\u00a0klasycznej czerni zadrukowana jest w\u00a0fioletowe kwiaty astry\u00a0&#8211; nadruk autorstwa marki Affair. Sukienka posiada odpinane na zatrzaski poduchy na ramionach. Dost\u0119pna w rozmiarach 34, 36, 38 i 40. Sk\u0142ad : 100% Wiskoza ROZMIAR 36 D\u0142ugo\u015b\u0107 ca\u0142kowita : 90 cm D\u0142ugo\u015b\u0107 r\u0119kawa : 71 cm Obw\u00f3d biustu [&hellip;]<\/p>\n","protected":false},"featured_media":0,"template":"","meta":{"_acf_changed":false,"inline_featured_image":false},"product_brand":[],"product_cat":[91],"product_tag":[],"class_list":{"0":"post-4474","1":"product","2":"type-product","3":"status-publish","5":"product_cat-sukienki","7":"first","8":"outofstock","9":"taxable","10":"shipping-taxable","11":"purchasable","12":"product-type-variable"},"acf":[],"yoast_head":"<!-- This site is optimized with the Yoast SEO plugin v27.5 - https:\/\/yoast.com\/product\/yoast-seo-wordpress\/ -->\n<title>Sukienka Daisy - Affair<\/title>\n<meta name=\"robots\" content=\"index, follow, max-snippet:-1, max-image-preview:large, max-video-preview:-1\" \/>\n<link rel=\"canonical\" href=\"https:\/\/affair.pl\/en\/produkt\/sukienka-daisy\/\" \/>\n<meta property=\"og:locale\" content=\"en_US\" \/>\n<meta property=\"og:type\" content=\"article\" \/>\n<meta property=\"og:title\" content=\"Sukienka Daisy - Affair\" \/>\n<meta property=\"og:description\" content=\"Sukienka\u00a0mini, zapinana kopertowo, wykonana ze zwiewnej, przyjemnej w dotyku\u00a0wiskozy. Tkanina w\u00a0klasycznej czerni zadrukowana jest w\u00a0fioletowe kwiaty astry\u00a0&#8211; nadruk autorstwa marki Affair. Sukienka posiada odpinane na zatrzaski poduchy na ramionach. Dost\u0119pna w rozmiarach 34, 36, 38 i 40. Sk\u0142ad : 100% Wiskoza ROZMIAR 36 D\u0142ugo\u015b\u0107 ca\u0142kowita : 90 cm D\u0142ugo\u015b\u0107 r\u0119kawa : 71 cm Obw\u00f3d biustu [&hellip;]\" \/>\n<meta property=\"og:url\" content=\"https:\/\/affair.pl\/en\/produkt\/sukienka-daisy\/\" \/>\n<meta property=\"og:site_name\" content=\"Affair\" \/>\n<meta property=\"article:publisher\" content=\"https:\/\/www.facebook.com\/Affair-315460489176436\" \/>\n<meta property=\"article:modified_time\" content=\"2022-02-16T13:43:34+00:00\" \/>\n<meta property=\"og:image\" content=\"https:\/\/affair.pl\/wp-content\/uploads\/2020\/11\/SukienkaDaisy_690zl-scaled.jpg\" \/>\n\t<meta property=\"og:image:width\" content=\"2560\" \/>\n\t<meta property=\"og:image:height\" content=\"2560\" \/>\n\t<meta property=\"og:image:type\" content=\"image\/jpeg\" \/>\n<meta name=\"twitter:card\" content=\"summary_large_image\" \/>\n<script type=\"application\/ld+json\" class=\"yoast-schema-graph\">{\"@context\":\"https:\\\/\\\/schema.org\",\"@graph\":[{\"@type\":\"WebPage\",\"@id\":\"https:\\\/\\\/affair.pl\\\/en\\\/produkt\\\/sukienka-daisy\\\/\",\"url\":\"https:\\\/\\\/affair.pl\\\/en\\\/produkt\\\/sukienka-daisy\\\/\",\"name\":\"Sukienka Daisy - Affair\",\"isPartOf\":{\"@id\":\"https:\\\/\\\/affair.pl\\\/en\\\/#website\"},\"datePublished\":\"2020-11-01T09:55:05+00:00\",\"dateModified\":\"2022-02-16T13:43:34+00:00\",\"breadcrumb\":{\"@id\":\"https:\\\/\\\/affair.pl\\\/en\\\/produkt\\\/sukienka-daisy\\\/#breadcrumb\"},\"inLanguage\":\"en-US\",\"potentialAction\":[{\"@type\":\"ReadAction\",\"target\":[\"https:\\\/\\\/affair.pl\\\/en\\\/produkt\\\/sukienka-daisy\\\/\"]}]},{\"@type\":\"BreadcrumbList\",\"@id\":\"https:\\\/\\\/affair.pl\\\/en\\\/produkt\\\/sukienka-daisy\\\/#breadcrumb\",\"itemListElement\":[{\"@type\":\"ListItem\",\"position\":1,\"name\":\"Affair\",\"item\":\"https:\\\/\\\/affair.pl\\\/en\\\/\"},{\"@type\":\"ListItem\",\"position\":2,\"name\":\"Shop\",\"item\":\"https:\\\/\\\/affair.pl\\\/en\\\/sklep\\\/\"},{\"@type\":\"ListItem\",\"position\":3,\"name\":\"Sukienka Daisy\"}]},{\"@type\":\"WebSite\",\"@id\":\"https:\\\/\\\/affair.pl\\\/en\\\/#website\",\"url\":\"https:\\\/\\\/affair.pl\\\/en\\\/\",\"name\":\"Affair\",\"description\":\"Polska Marka | Sukienki damskie | Sukienki wieczorowe\",\"publisher\":{\"@id\":\"https:\\\/\\\/affair.pl\\\/en\\\/#organization\"},\"potentialAction\":[{\"@type\":\"SearchAction\",\"target\":{\"@type\":\"EntryPoint\",\"urlTemplate\":\"https:\\\/\\\/affair.pl\\\/en\\\/?s={search_term_string}\"},\"query-input\":{\"@type\":\"PropertyValueSpecification\",\"valueRequired\":true,\"valueName\":\"search_term_string\"}}],\"inLanguage\":\"en-US\"},{\"@type\":\"Organization\",\"@id\":\"https:\\\/\\\/affair.pl\\\/en\\\/#organization\",\"name\":\"Affair\",\"url\":\"https:\\\/\\\/affair.pl\\\/en\\\/\",\"logo\":{\"@type\":\"ImageObject\",\"inLanguage\":\"en-US\",\"@id\":\"https:\\\/\\\/affair.pl\\\/en\\\/#\\\/schema\\\/logo\\\/image\\\/\",\"url\":\"https:\\\/\\\/affair.pl\\\/wp-content\\\/uploads\\\/2020\\\/12\\\/affair-logo.svg\",\"contentUrl\":\"https:\\\/\\\/affair.pl\\\/wp-content\\\/uploads\\\/2020\\\/12\\\/affair-logo.svg\",\"width\":\"1024\",\"height\":\"1024\",\"caption\":\"Affair\"},\"image\":{\"@id\":\"https:\\\/\\\/affair.pl\\\/en\\\/#\\\/schema\\\/logo\\\/image\\\/\"},\"sameAs\":[\"https:\\\/\\\/www.facebook.com\\\/Affair-315460489176436\",\"https:\\\/\\\/www.instagram.com\\\/affair_warsaw\\\/\"]}]}<\/script>\n<!-- \/ Yoast SEO plugin. -->","yoast_head_json":{"title":"Sukienka Daisy - Affair","robots":{"index":"index","follow":"follow","max-snippet":"max-snippet:-1","max-image-preview":"max-image-preview:large","max-video-preview":"max-video-preview:-1"},"canonical":"https:\/\/affair.pl\/en\/produkt\/sukienka-daisy\/","og_locale":"en_US","og_type":"article","og_title":"Sukienka Daisy - Affair","og_description":"Sukienka\u00a0mini, zapinana kopertowo, wykonana ze zwiewnej, przyjemnej w dotyku\u00a0wiskozy. Tkanina w\u00a0klasycznej czerni zadrukowana jest w\u00a0fioletowe kwiaty astry\u00a0&#8211; nadruk autorstwa marki Affair. Sukienka posiada odpinane na zatrzaski poduchy na ramionach. Dost\u0119pna w rozmiarach 34, 36, 38 i 40. Sk\u0142ad : 100% Wiskoza ROZMIAR 36 D\u0142ugo\u015b\u0107 ca\u0142kowita : 90 cm D\u0142ugo\u015b\u0107 r\u0119kawa : 71 cm Obw\u00f3d biustu [&hellip;]","og_url":"https:\/\/affair.pl\/en\/produkt\/sukienka-daisy\/","og_site_name":"Affair","article_publisher":"https:\/\/www.facebook.com\/Affair-315460489176436","article_modified_time":"2022-02-16T13:43:34+00:00","og_image":[{"width":2560,"height":2560,"url":"https:\/\/affair.pl\/wp-content\/uploads\/2020\/11\/SukienkaDaisy_690zl-scaled.jpg","type":"image\/jpeg"}],"twitter_card":"summary_large_image","schema":{"@context":"https:\/\/schema.org","@graph":[{"@type":"WebPage","@id":"https:\/\/affair.pl\/en\/produkt\/sukienka-daisy\/","url":"https:\/\/affair.pl\/en\/produkt\/sukienka-daisy\/","name":"Sukienka Daisy - Affair","isPartOf":{"@id":"https:\/\/affair.pl\/en\/#website"},"datePublished":"2020-11-01T09:55:05+00:00","dateModified":"2022-02-16T13:43:34+00:00","breadcrumb":{"@id":"https:\/\/affair.pl\/en\/produkt\/sukienka-daisy\/#breadcrumb"},"inLanguage":"en-US","potentialAction":[{"@type":"ReadAction","target":["https:\/\/affair.pl\/en\/produkt\/sukienka-daisy\/"]}]},{"@type":"BreadcrumbList","@id":"https:\/\/affair.pl\/en\/produkt\/sukienka-daisy\/#breadcrumb","itemListElement":[{"@type":"ListItem","position":1,"name":"Affair","item":"https:\/\/affair.pl\/en\/"},{"@type":"ListItem","position":2,"name":"Shop","item":"https:\/\/affair.pl\/en\/sklep\/"},{"@type":"ListItem","position":3,"name":"Sukienka Daisy"}]},{"@type":"WebSite","@id":"https:\/\/affair.pl\/en\/#website","url":"https:\/\/affair.pl\/en\/","name":"Affair","description":"Polska Marka | Sukienki damskie | Sukienki wieczorowe","publisher":{"@id":"https:\/\/affair.pl\/en\/#organization"},"potentialAction":[{"@type":"SearchAction","target":{"@type":"EntryPoint","urlTemplate":"https:\/\/affair.pl\/en\/?s={search_term_string}"},"query-input":{"@type":"PropertyValueSpecification","valueRequired":true,"valueName":"search_term_string"}}],"inLanguage":"en-US"},{"@type":"Organization","@id":"https:\/\/affair.pl\/en\/#organization","name":"Affair","url":"https:\/\/affair.pl\/en\/","logo":{"@type":"ImageObject","inLanguage":"en-US","@id":"https:\/\/affair.pl\/en\/#\/schema\/logo\/image\/","url":"https:\/\/affair.pl\/wp-content\/uploads\/2020\/12\/affair-logo.svg","contentUrl":"https:\/\/affair.pl\/wp-content\/uploads\/2020\/12\/affair-logo.svg","width":"1024","height":"1024","caption":"Affair"},"image":{"@id":"https:\/\/affair.pl\/en\/#\/schema\/logo\/image\/"},"sameAs":["https:\/\/www.facebook.com\/Affair-315460489176436","https:\/\/www.instagram.com\/affair_warsaw\/"]}]}},"_links":{"self":[{"href":"https:\/\/affair.pl\/en\/wp-json\/wp\/v2\/product\/4474","targetHints":{"allow":["GET"]}}],"collection":[{"href":"https:\/\/affair.pl\/en\/wp-json\/wp\/v2\/product"}],"about":[{"href":"https:\/\/affair.pl\/en\/wp-json\/wp\/v2\/types\/product"}],"wp:attachment":[{"href":"https:\/\/affair.pl\/en\/wp-json\/wp\/v2\/media?parent=4474"}],"wp:term":[{"taxonomy":"product_brand","embeddable":true,"href":"https:\/\/affair.pl\/en\/wp-json\/wp\/v2\/product_brand?post=4474"},{"taxonomy":"product_cat","embeddable":true,"href":"https:\/\/affair.pl\/en\/wp-json\/wp\/v2\/product_cat?post=4474"},{"taxonomy":"product_tag","embeddable":true,"href":"https:\/\/affair.pl\/en\/wp-json\/wp\/v2\/product_tag?post=4474"}],"curies":[{"name":"wp","href":"https:\/\/api.w.org\/{rel}","templated":true}]}}