{"id":27456,"date":"2021-11-22T15:50:39","date_gmt":"2021-11-22T14:50:39","guid":{"rendered":"https:\/\/affair.pl\/?post_type=product&#038;p=27456"},"modified":"2024-11-11T18:47:40","modified_gmt":"2024-11-11T17:47:40","slug":"bluza-clara-bordo","status":"publish","type":"product","link":"https:\/\/affair.pl\/en\/produkt\/bluza-clara-bordo\/","title":{"rendered":"Bluza Clara bordo"},"content":{"rendered":"<ul>\n<li>Bluza o szerokich ramionach, posiada na sta\u0142e wszystkie poduszki. Lu\u017ana i wygodna, wykonana z przyjemnej w dotyku dzianiny dresowej. Mo\u017cna j\u0105 nosi\u0107 do jeansowych spodni, sp\u00f3dnicy, sukienki.<\/li>\n<li>Sk\u0142ad: 80% Bawe\u0142na 20% Poliester<\/li>\n<li>Dost\u0119pna\u00a0w jednym rozmiarze : 36\/38<\/li>\n<\/ul>\n<div class=\"WncCi\" data-hook=\"info-section-description\"><\/div>\n","protected":false},"excerpt":{"rendered":"<p>Bluza o szerokich ramionach, posiada na sta\u0142e wszystkie poduszki. Lu\u017ana i wygodna, wykonana z przyjemnej w dotyku dzianiny dresowej. Mo\u017cna j\u0105 nosi\u0107 do jeansowych spodni, sp\u00f3dnicy, sukienki. Sk\u0142ad: 80% Bawe\u0142na 20% Poliester Dost\u0119pna\u00a0w jednym rozmiarze : 36\/38<\/p>\n","protected":false},"featured_media":0,"template":"","meta":{"_acf_changed":false,"inline_featured_image":false},"product_brand":[],"product_cat":[93],"product_tag":[],"class_list":{"0":"post-27456","1":"product","2":"type-product","3":"status-publish","5":"product_cat-bluzki-koszule","7":"first","8":"outofstock","9":"taxable","10":"shipping-taxable","11":"purchasable","12":"product-type-variable"},"acf":[],"yoast_head":"<!-- This site is optimized with the Yoast SEO plugin v27.5 - https:\/\/yoast.com\/product\/yoast-seo-wordpress\/ -->\n<title>Bluza Clara bordo - Affair<\/title>\n<meta name=\"robots\" content=\"index, follow, max-snippet:-1, max-image-preview:large, max-video-preview:-1\" \/>\n<link rel=\"canonical\" href=\"https:\/\/affair.pl\/en\/produkt\/bluza-clara-bordo\/\" \/>\n<meta property=\"og:locale\" content=\"en_US\" \/>\n<meta property=\"og:type\" content=\"article\" \/>\n<meta property=\"og:title\" content=\"Bluza Clara bordo - Affair\" \/>\n<meta property=\"og:description\" content=\"Bluza o szerokich ramionach, posiada na sta\u0142e wszystkie poduszki. Lu\u017ana i wygodna, wykonana z przyjemnej w dotyku dzianiny dresowej. Mo\u017cna j\u0105 nosi\u0107 do jeansowych spodni, sp\u00f3dnicy, sukienki. Sk\u0142ad: 80% Bawe\u0142na 20% Poliester Dost\u0119pna\u00a0w jednym rozmiarze : 36\/38\" \/>\n<meta property=\"og:url\" content=\"https:\/\/affair.pl\/en\/produkt\/bluza-clara-bordo\/\" \/>\n<meta property=\"og:site_name\" content=\"Affair\" \/>\n<meta property=\"article:publisher\" content=\"https:\/\/www.facebook.com\/Affair-315460489176436\" \/>\n<meta property=\"article:modified_time\" content=\"2024-11-11T17:47:40+00:00\" \/>\n<meta property=\"og:image\" content=\"https:\/\/affair.pl\/wp-content\/uploads\/2020\/11\/BluzaClaraBordo_369zl-scaled-e1637593560506.jpg\" \/>\n\t<meta property=\"og:image:width\" content=\"2270\" \/>\n\t<meta property=\"og:image:height\" content=\"2311\" \/>\n\t<meta property=\"og:image:type\" content=\"image\/jpeg\" \/>\n<meta name=\"twitter:card\" content=\"summary_large_image\" \/>\n<meta name=\"twitter:label1\" content=\"Est. reading time\" \/>\n\t<meta name=\"twitter:data1\" content=\"1 minute\" \/>\n<script type=\"application\/ld+json\" class=\"yoast-schema-graph\">{\"@context\":\"https:\\\/\\\/schema.org\",\"@graph\":[{\"@type\":\"WebPage\",\"@id\":\"https:\\\/\\\/affair.pl\\\/en\\\/produkt\\\/bluza-clara-bordo\\\/\",\"url\":\"https:\\\/\\\/affair.pl\\\/en\\\/produkt\\\/bluza-clara-bordo\\\/\",\"name\":\"Bluza Clara bordo - Affair\",\"isPartOf\":{\"@id\":\"https:\\\/\\\/affair.pl\\\/en\\\/#website\"},\"datePublished\":\"2021-11-22T14:50:39+00:00\",\"dateModified\":\"2024-11-11T17:47:40+00:00\",\"breadcrumb\":{\"@id\":\"https:\\\/\\\/affair.pl\\\/en\\\/produkt\\\/bluza-clara-bordo\\\/#breadcrumb\"},\"inLanguage\":\"en-US\",\"potentialAction\":[{\"@type\":\"ReadAction\",\"target\":[\"https:\\\/\\\/affair.pl\\\/en\\\/produkt\\\/bluza-clara-bordo\\\/\"]}]},{\"@type\":\"BreadcrumbList\",\"@id\":\"https:\\\/\\\/affair.pl\\\/en\\\/produkt\\\/bluza-clara-bordo\\\/#breadcrumb\",\"itemListElement\":[{\"@type\":\"ListItem\",\"position\":1,\"name\":\"Affair\",\"item\":\"https:\\\/\\\/affair.pl\\\/en\\\/\"},{\"@type\":\"ListItem\",\"position\":2,\"name\":\"Shop\",\"item\":\"https:\\\/\\\/affair.pl\\\/en\\\/sklep\\\/\"},{\"@type\":\"ListItem\",\"position\":3,\"name\":\"Bluza Clara bordo\"}]},{\"@type\":\"WebSite\",\"@id\":\"https:\\\/\\\/affair.pl\\\/en\\\/#website\",\"url\":\"https:\\\/\\\/affair.pl\\\/en\\\/\",\"name\":\"Affair\",\"description\":\"Polska Marka | Sukienki damskie | Sukienki wieczorowe\",\"publisher\":{\"@id\":\"https:\\\/\\\/affair.pl\\\/en\\\/#organization\"},\"potentialAction\":[{\"@type\":\"SearchAction\",\"target\":{\"@type\":\"EntryPoint\",\"urlTemplate\":\"https:\\\/\\\/affair.pl\\\/en\\\/?s={search_term_string}\"},\"query-input\":{\"@type\":\"PropertyValueSpecification\",\"valueRequired\":true,\"valueName\":\"search_term_string\"}}],\"inLanguage\":\"en-US\"},{\"@type\":\"Organization\",\"@id\":\"https:\\\/\\\/affair.pl\\\/en\\\/#organization\",\"name\":\"Affair\",\"url\":\"https:\\\/\\\/affair.pl\\\/en\\\/\",\"logo\":{\"@type\":\"ImageObject\",\"inLanguage\":\"en-US\",\"@id\":\"https:\\\/\\\/affair.pl\\\/en\\\/#\\\/schema\\\/logo\\\/image\\\/\",\"url\":\"https:\\\/\\\/affair.pl\\\/wp-content\\\/uploads\\\/2020\\\/12\\\/affair-logo.svg\",\"contentUrl\":\"https:\\\/\\\/affair.pl\\\/wp-content\\\/uploads\\\/2020\\\/12\\\/affair-logo.svg\",\"width\":\"1024\",\"height\":\"1024\",\"caption\":\"Affair\"},\"image\":{\"@id\":\"https:\\\/\\\/affair.pl\\\/en\\\/#\\\/schema\\\/logo\\\/image\\\/\"},\"sameAs\":[\"https:\\\/\\\/www.facebook.com\\\/Affair-315460489176436\",\"https:\\\/\\\/www.instagram.com\\\/affair_warsaw\\\/\"]}]}<\/script>\n<!-- \/ Yoast SEO plugin. -->","yoast_head_json":{"title":"Bluza Clara bordo - Affair","robots":{"index":"index","follow":"follow","max-snippet":"max-snippet:-1","max-image-preview":"max-image-preview:large","max-video-preview":"max-video-preview:-1"},"canonical":"https:\/\/affair.pl\/en\/produkt\/bluza-clara-bordo\/","og_locale":"en_US","og_type":"article","og_title":"Bluza Clara bordo - Affair","og_description":"Bluza o szerokich ramionach, posiada na sta\u0142e wszystkie poduszki. Lu\u017ana i wygodna, wykonana z przyjemnej w dotyku dzianiny dresowej. Mo\u017cna j\u0105 nosi\u0107 do jeansowych spodni, sp\u00f3dnicy, sukienki. Sk\u0142ad: 80% Bawe\u0142na 20% Poliester Dost\u0119pna\u00a0w jednym rozmiarze : 36\/38","og_url":"https:\/\/affair.pl\/en\/produkt\/bluza-clara-bordo\/","og_site_name":"Affair","article_publisher":"https:\/\/www.facebook.com\/Affair-315460489176436","article_modified_time":"2024-11-11T17:47:40+00:00","og_image":[{"width":2270,"height":2311,"url":"https:\/\/affair.pl\/wp-content\/uploads\/2020\/11\/BluzaClaraBordo_369zl-scaled-e1637593560506.jpg","type":"image\/jpeg"}],"twitter_card":"summary_large_image","twitter_misc":{"Est. reading time":"1 minute"},"schema":{"@context":"https:\/\/schema.org","@graph":[{"@type":"WebPage","@id":"https:\/\/affair.pl\/en\/produkt\/bluza-clara-bordo\/","url":"https:\/\/affair.pl\/en\/produkt\/bluza-clara-bordo\/","name":"Bluza Clara bordo - Affair","isPartOf":{"@id":"https:\/\/affair.pl\/en\/#website"},"datePublished":"2021-11-22T14:50:39+00:00","dateModified":"2024-11-11T17:47:40+00:00","breadcrumb":{"@id":"https:\/\/affair.pl\/en\/produkt\/bluza-clara-bordo\/#breadcrumb"},"inLanguage":"en-US","potentialAction":[{"@type":"ReadAction","target":["https:\/\/affair.pl\/en\/produkt\/bluza-clara-bordo\/"]}]},{"@type":"BreadcrumbList","@id":"https:\/\/affair.pl\/en\/produkt\/bluza-clara-bordo\/#breadcrumb","itemListElement":[{"@type":"ListItem","position":1,"name":"Affair","item":"https:\/\/affair.pl\/en\/"},{"@type":"ListItem","position":2,"name":"Shop","item":"https:\/\/affair.pl\/en\/sklep\/"},{"@type":"ListItem","position":3,"name":"Bluza Clara bordo"}]},{"@type":"WebSite","@id":"https:\/\/affair.pl\/en\/#website","url":"https:\/\/affair.pl\/en\/","name":"Affair","description":"Polska Marka | Sukienki damskie | Sukienki wieczorowe","publisher":{"@id":"https:\/\/affair.pl\/en\/#organization"},"potentialAction":[{"@type":"SearchAction","target":{"@type":"EntryPoint","urlTemplate":"https:\/\/affair.pl\/en\/?s={search_term_string}"},"query-input":{"@type":"PropertyValueSpecification","valueRequired":true,"valueName":"search_term_string"}}],"inLanguage":"en-US"},{"@type":"Organization","@id":"https:\/\/affair.pl\/en\/#organization","name":"Affair","url":"https:\/\/affair.pl\/en\/","logo":{"@type":"ImageObject","inLanguage":"en-US","@id":"https:\/\/affair.pl\/en\/#\/schema\/logo\/image\/","url":"https:\/\/affair.pl\/wp-content\/uploads\/2020\/12\/affair-logo.svg","contentUrl":"https:\/\/affair.pl\/wp-content\/uploads\/2020\/12\/affair-logo.svg","width":"1024","height":"1024","caption":"Affair"},"image":{"@id":"https:\/\/affair.pl\/en\/#\/schema\/logo\/image\/"},"sameAs":["https:\/\/www.facebook.com\/Affair-315460489176436","https:\/\/www.instagram.com\/affair_warsaw\/"]}]}},"_links":{"self":[{"href":"https:\/\/affair.pl\/en\/wp-json\/wp\/v2\/product\/27456","targetHints":{"allow":["GET"]}}],"collection":[{"href":"https:\/\/affair.pl\/en\/wp-json\/wp\/v2\/product"}],"about":[{"href":"https:\/\/affair.pl\/en\/wp-json\/wp\/v2\/types\/product"}],"wp:attachment":[{"href":"https:\/\/affair.pl\/en\/wp-json\/wp\/v2\/media?parent=27456"}],"wp:term":[{"taxonomy":"product_brand","embeddable":true,"href":"https:\/\/affair.pl\/en\/wp-json\/wp\/v2\/product_brand?post=27456"},{"taxonomy":"product_cat","embeddable":true,"href":"https:\/\/affair.pl\/en\/wp-json\/wp\/v2\/product_cat?post=27456"},{"taxonomy":"product_tag","embeddable":true,"href":"https:\/\/affair.pl\/en\/wp-json\/wp\/v2\/product_tag?post=27456"}],"curies":[{"name":"wp","href":"https:\/\/api.w.org\/{rel}","templated":true}]}}