{"id":16846,"date":"2021-07-12T14:31:22","date_gmt":"2021-07-12T12:31:22","guid":{"rendered":"https:\/\/affair.pl\/?post_type=product&#038;p=16846"},"modified":"2022-05-23T10:00:49","modified_gmt":"2022-05-23T08:00:49","slug":"sukienka-sophie-zebra-blue-print","status":"publish","type":"product","link":"https:\/\/affair.pl\/en\/produkt\/sukienka-sophie-zebra-blue-print\/","title":{"rendered":"Sukienka Sophie zebra blue print"},"content":{"rendered":"<ul>\n<li>Sukienka w d\u0142ugo\u015bci mini, zapinana kopertowo, wykonana ze zwiewnej, lekkiej, lej\u0105cej si\u0119 tkaniny.<\/li>\n<li>Idealna do noszenia na codzie\u0144 do mokasyn\u00f3w lub sanda\u0142k\u00f3w, jak r\u00f3wnie\u017c na wieczorne wyj\u015bcie w butach na obcasie.<\/li>\n<li>Print w b\u0142\u0119kitn\u0105 zebr\u0119 zosta\u0142 zaprojektowany przez Affair.<\/li>\n<li>Dost\u0119pna w dw\u00f3ch rozmiarach: 36 i 38.<\/li>\n<li>Tkanina : 53% Wiskoza 47% Rayon<\/li>\n<\/ul>\n<div class=\"_6s2bg fggS- cell\"><\/div>\n<div class=\"_6s2bg fggS- cell\">\n<div class=\"WncCi\" data-hook=\"info-section-description\"><\/div>\n<\/div>\n","protected":false},"excerpt":{"rendered":"<p>Sukienka w d\u0142ugo\u015bci mini, zapinana kopertowo, wykonana ze zwiewnej, lekkiej, lej\u0105cej si\u0119 tkaniny. Idealna do noszenia na codzie\u0144 do mokasyn\u00f3w lub sanda\u0142k\u00f3w, jak r\u00f3wnie\u017c na wieczorne wyj\u015bcie w butach na obcasie. Print w b\u0142\u0119kitn\u0105 zebr\u0119 zosta\u0142 zaprojektowany przez Affair. Dost\u0119pna w dw\u00f3ch rozmiarach: 36 i 38. Tkanina : 53% Wiskoza 47% Rayon<\/p>\n","protected":false},"featured_media":0,"template":"","meta":{"_acf_changed":false,"inline_featured_image":false},"product_brand":[],"product_cat":[91],"product_tag":[],"class_list":{"0":"post-16846","1":"product","2":"type-product","3":"status-publish","5":"product_cat-sukienki","7":"first","8":"outofstock","9":"taxable","10":"shipping-taxable","11":"purchasable","12":"product-type-variable"},"acf":[],"yoast_head":"<!-- This site is optimized with the Yoast SEO plugin v27.5 - https:\/\/yoast.com\/product\/yoast-seo-wordpress\/ -->\n<title>Sukienka Sophie zebra blue print - Affair<\/title>\n<meta name=\"robots\" content=\"index, follow, max-snippet:-1, max-image-preview:large, max-video-preview:-1\" \/>\n<link rel=\"canonical\" href=\"https:\/\/affair.pl\/en\/produkt\/sukienka-sophie-zebra-blue-print\/\" \/>\n<meta property=\"og:locale\" content=\"en_US\" \/>\n<meta property=\"og:type\" content=\"article\" \/>\n<meta property=\"og:title\" content=\"Sukienka Sophie zebra blue print - Affair\" \/>\n<meta property=\"og:description\" content=\"Sukienka w d\u0142ugo\u015bci mini, zapinana kopertowo, wykonana ze zwiewnej, lekkiej, lej\u0105cej si\u0119 tkaniny. Idealna do noszenia na codzie\u0144 do mokasyn\u00f3w lub sanda\u0142k\u00f3w, jak r\u00f3wnie\u017c na wieczorne wyj\u015bcie w butach na obcasie. Print w b\u0142\u0119kitn\u0105 zebr\u0119 zosta\u0142 zaprojektowany przez Affair. Dost\u0119pna w dw\u00f3ch rozmiarach: 36 i 38. Tkanina : 53% Wiskoza 47% Rayon\" \/>\n<meta property=\"og:url\" content=\"https:\/\/affair.pl\/en\/produkt\/sukienka-sophie-zebra-blue-print\/\" \/>\n<meta property=\"og:site_name\" content=\"Affair\" \/>\n<meta property=\"article:publisher\" content=\"https:\/\/www.facebook.com\/Affair-315460489176436\" \/>\n<meta property=\"article:modified_time\" content=\"2022-05-23T08:00:49+00:00\" \/>\n<meta property=\"og:image\" content=\"https:\/\/affair.pl\/wp-content\/uploads\/2021\/04\/DSC_4673-scaled-e1647941359691.jpg\" \/>\n\t<meta property=\"og:image:width\" content=\"2265\" \/>\n\t<meta property=\"og:image:height\" content=\"2508\" \/>\n\t<meta property=\"og:image:type\" content=\"image\/jpeg\" \/>\n<meta name=\"twitter:card\" content=\"summary_large_image\" \/>\n<meta name=\"twitter:label1\" content=\"Est. reading time\" \/>\n\t<meta name=\"twitter:data1\" content=\"1 minute\" \/>\n<script type=\"application\/ld+json\" class=\"yoast-schema-graph\">{\"@context\":\"https:\\\/\\\/schema.org\",\"@graph\":[{\"@type\":\"WebPage\",\"@id\":\"https:\\\/\\\/affair.pl\\\/en\\\/produkt\\\/sukienka-sophie-zebra-blue-print\\\/\",\"url\":\"https:\\\/\\\/affair.pl\\\/en\\\/produkt\\\/sukienka-sophie-zebra-blue-print\\\/\",\"name\":\"Sukienka Sophie zebra blue print - Affair\",\"isPartOf\":{\"@id\":\"https:\\\/\\\/affair.pl\\\/en\\\/#website\"},\"datePublished\":\"2021-07-12T12:31:22+00:00\",\"dateModified\":\"2022-05-23T08:00:49+00:00\",\"breadcrumb\":{\"@id\":\"https:\\\/\\\/affair.pl\\\/en\\\/produkt\\\/sukienka-sophie-zebra-blue-print\\\/#breadcrumb\"},\"inLanguage\":\"en-US\",\"potentialAction\":[{\"@type\":\"ReadAction\",\"target\":[\"https:\\\/\\\/affair.pl\\\/en\\\/produkt\\\/sukienka-sophie-zebra-blue-print\\\/\"]}]},{\"@type\":\"BreadcrumbList\",\"@id\":\"https:\\\/\\\/affair.pl\\\/en\\\/produkt\\\/sukienka-sophie-zebra-blue-print\\\/#breadcrumb\",\"itemListElement\":[{\"@type\":\"ListItem\",\"position\":1,\"name\":\"Affair\",\"item\":\"https:\\\/\\\/affair.pl\\\/en\\\/\"},{\"@type\":\"ListItem\",\"position\":2,\"name\":\"Shop\",\"item\":\"https:\\\/\\\/affair.pl\\\/en\\\/sklep\\\/\"},{\"@type\":\"ListItem\",\"position\":3,\"name\":\"Sukienka Sophie zebra blue print\"}]},{\"@type\":\"WebSite\",\"@id\":\"https:\\\/\\\/affair.pl\\\/en\\\/#website\",\"url\":\"https:\\\/\\\/affair.pl\\\/en\\\/\",\"name\":\"Affair\",\"description\":\"Polska Marka | Sukienki damskie | Sukienki wieczorowe\",\"publisher\":{\"@id\":\"https:\\\/\\\/affair.pl\\\/en\\\/#organization\"},\"potentialAction\":[{\"@type\":\"SearchAction\",\"target\":{\"@type\":\"EntryPoint\",\"urlTemplate\":\"https:\\\/\\\/affair.pl\\\/en\\\/?s={search_term_string}\"},\"query-input\":{\"@type\":\"PropertyValueSpecification\",\"valueRequired\":true,\"valueName\":\"search_term_string\"}}],\"inLanguage\":\"en-US\"},{\"@type\":\"Organization\",\"@id\":\"https:\\\/\\\/affair.pl\\\/en\\\/#organization\",\"name\":\"Affair\",\"url\":\"https:\\\/\\\/affair.pl\\\/en\\\/\",\"logo\":{\"@type\":\"ImageObject\",\"inLanguage\":\"en-US\",\"@id\":\"https:\\\/\\\/affair.pl\\\/en\\\/#\\\/schema\\\/logo\\\/image\\\/\",\"url\":\"https:\\\/\\\/affair.pl\\\/wp-content\\\/uploads\\\/2020\\\/12\\\/affair-logo.svg\",\"contentUrl\":\"https:\\\/\\\/affair.pl\\\/wp-content\\\/uploads\\\/2020\\\/12\\\/affair-logo.svg\",\"width\":\"1024\",\"height\":\"1024\",\"caption\":\"Affair\"},\"image\":{\"@id\":\"https:\\\/\\\/affair.pl\\\/en\\\/#\\\/schema\\\/logo\\\/image\\\/\"},\"sameAs\":[\"https:\\\/\\\/www.facebook.com\\\/Affair-315460489176436\",\"https:\\\/\\\/www.instagram.com\\\/affair_warsaw\\\/\"]}]}<\/script>\n<!-- \/ Yoast SEO plugin. -->","yoast_head_json":{"title":"Sukienka Sophie zebra blue print - Affair","robots":{"index":"index","follow":"follow","max-snippet":"max-snippet:-1","max-image-preview":"max-image-preview:large","max-video-preview":"max-video-preview:-1"},"canonical":"https:\/\/affair.pl\/en\/produkt\/sukienka-sophie-zebra-blue-print\/","og_locale":"en_US","og_type":"article","og_title":"Sukienka Sophie zebra blue print - Affair","og_description":"Sukienka w d\u0142ugo\u015bci mini, zapinana kopertowo, wykonana ze zwiewnej, lekkiej, lej\u0105cej si\u0119 tkaniny. Idealna do noszenia na codzie\u0144 do mokasyn\u00f3w lub sanda\u0142k\u00f3w, jak r\u00f3wnie\u017c na wieczorne wyj\u015bcie w butach na obcasie. Print w b\u0142\u0119kitn\u0105 zebr\u0119 zosta\u0142 zaprojektowany przez Affair. Dost\u0119pna w dw\u00f3ch rozmiarach: 36 i 38. Tkanina : 53% Wiskoza 47% Rayon","og_url":"https:\/\/affair.pl\/en\/produkt\/sukienka-sophie-zebra-blue-print\/","og_site_name":"Affair","article_publisher":"https:\/\/www.facebook.com\/Affair-315460489176436","article_modified_time":"2022-05-23T08:00:49+00:00","og_image":[{"width":2265,"height":2508,"url":"https:\/\/affair.pl\/wp-content\/uploads\/2021\/04\/DSC_4673-scaled-e1647941359691.jpg","type":"image\/jpeg"}],"twitter_card":"summary_large_image","twitter_misc":{"Est. reading time":"1 minute"},"schema":{"@context":"https:\/\/schema.org","@graph":[{"@type":"WebPage","@id":"https:\/\/affair.pl\/en\/produkt\/sukienka-sophie-zebra-blue-print\/","url":"https:\/\/affair.pl\/en\/produkt\/sukienka-sophie-zebra-blue-print\/","name":"Sukienka Sophie zebra blue print - Affair","isPartOf":{"@id":"https:\/\/affair.pl\/en\/#website"},"datePublished":"2021-07-12T12:31:22+00:00","dateModified":"2022-05-23T08:00:49+00:00","breadcrumb":{"@id":"https:\/\/affair.pl\/en\/produkt\/sukienka-sophie-zebra-blue-print\/#breadcrumb"},"inLanguage":"en-US","potentialAction":[{"@type":"ReadAction","target":["https:\/\/affair.pl\/en\/produkt\/sukienka-sophie-zebra-blue-print\/"]}]},{"@type":"BreadcrumbList","@id":"https:\/\/affair.pl\/en\/produkt\/sukienka-sophie-zebra-blue-print\/#breadcrumb","itemListElement":[{"@type":"ListItem","position":1,"name":"Affair","item":"https:\/\/affair.pl\/en\/"},{"@type":"ListItem","position":2,"name":"Shop","item":"https:\/\/affair.pl\/en\/sklep\/"},{"@type":"ListItem","position":3,"name":"Sukienka Sophie zebra blue print"}]},{"@type":"WebSite","@id":"https:\/\/affair.pl\/en\/#website","url":"https:\/\/affair.pl\/en\/","name":"Affair","description":"Polska Marka | Sukienki damskie | Sukienki wieczorowe","publisher":{"@id":"https:\/\/affair.pl\/en\/#organization"},"potentialAction":[{"@type":"SearchAction","target":{"@type":"EntryPoint","urlTemplate":"https:\/\/affair.pl\/en\/?s={search_term_string}"},"query-input":{"@type":"PropertyValueSpecification","valueRequired":true,"valueName":"search_term_string"}}],"inLanguage":"en-US"},{"@type":"Organization","@id":"https:\/\/affair.pl\/en\/#organization","name":"Affair","url":"https:\/\/affair.pl\/en\/","logo":{"@type":"ImageObject","inLanguage":"en-US","@id":"https:\/\/affair.pl\/en\/#\/schema\/logo\/image\/","url":"https:\/\/affair.pl\/wp-content\/uploads\/2020\/12\/affair-logo.svg","contentUrl":"https:\/\/affair.pl\/wp-content\/uploads\/2020\/12\/affair-logo.svg","width":"1024","height":"1024","caption":"Affair"},"image":{"@id":"https:\/\/affair.pl\/en\/#\/schema\/logo\/image\/"},"sameAs":["https:\/\/www.facebook.com\/Affair-315460489176436","https:\/\/www.instagram.com\/affair_warsaw\/"]}]}},"_links":{"self":[{"href":"https:\/\/affair.pl\/en\/wp-json\/wp\/v2\/product\/16846","targetHints":{"allow":["GET"]}}],"collection":[{"href":"https:\/\/affair.pl\/en\/wp-json\/wp\/v2\/product"}],"about":[{"href":"https:\/\/affair.pl\/en\/wp-json\/wp\/v2\/types\/product"}],"wp:attachment":[{"href":"https:\/\/affair.pl\/en\/wp-json\/wp\/v2\/media?parent=16846"}],"wp:term":[{"taxonomy":"product_brand","embeddable":true,"href":"https:\/\/affair.pl\/en\/wp-json\/wp\/v2\/product_brand?post=16846"},{"taxonomy":"product_cat","embeddable":true,"href":"https:\/\/affair.pl\/en\/wp-json\/wp\/v2\/product_cat?post=16846"},{"taxonomy":"product_tag","embeddable":true,"href":"https:\/\/affair.pl\/en\/wp-json\/wp\/v2\/product_tag?post=16846"}],"curies":[{"name":"wp","href":"https:\/\/api.w.org\/{rel}","templated":true}]}}