{"id":141131,"date":"2026-04-17T08:11:08","date_gmt":"2026-04-17T06:11:08","guid":{"rendered":"https:\/\/affair.pl\/?post_type=product&#038;p=141131"},"modified":"2026-04-17T20:07:05","modified_gmt":"2026-04-17T18:07:05","slug":"satynowa-spodniczka-mini","status":"publish","type":"product","link":"https:\/\/affair.pl\/en\/produkt\/satynowa-spodniczka-mini\/","title":{"rendered":"Satynowa sp\u00f3dniczka mini"},"content":{"rendered":"<ul>\n<li>Sp\u00f3dniczka mini, wykonana z lej\u0105cej satyny.<\/li>\n<li>Posiada d\u00f3\u0142 wyko\u0144czony koronk\u0105 i gumk\u0119 w pasie.<\/li>\n<li>Idealnie prezentuje si\u0119 w zestawie z prostym bia\u0142ym t-shirtem lub body.<\/li>\n<li>Ponadczasowy kr\u00f3j.<\/li>\n<li>Dost\u0119pna w trzech rozmiarach : 34, 36 i 38.<\/li>\n<li>Sk\u0142ad: 100% Wiskoza.<\/li>\n<\/ul>\n","protected":false},"excerpt":{"rendered":"<p>Sp\u00f3dniczka mini, wykonana z lej\u0105cej satyny. Posiada d\u00f3\u0142 wyko\u0144czony koronk\u0105 i gumk\u0119 w pasie. Idealnie prezentuje si\u0119 w zestawie z prostym bia\u0142ym t-shirtem lub body. Ponadczasowy kr\u00f3j. Dost\u0119pna w trzech rozmiarach : 34, 36 i 38. Sk\u0142ad: 100% Wiskoza.<\/p>\n","protected":false},"featured_media":141132,"template":"","meta":{"_acf_changed":false,"inline_featured_image":false},"product_brand":[],"product_cat":[15,226,92,192],"product_tag":[],"class_list":{"0":"post-141131","1":"product","2":"type-product","3":"status-publish","4":"has-post-thumbnail","6":"product_cat-uncategorized","7":"product_cat-new-in","8":"product_cat-spodnice","9":"product_cat-wszystkie-produkty","11":"first","12":"instock","13":"taxable","14":"shipping-taxable","15":"purchasable","16":"product-type-variable"},"acf":[],"yoast_head":"<!-- This site is optimized with the Yoast SEO plugin v27.4 - https:\/\/yoast.com\/product\/yoast-seo-wordpress\/ -->\n<title>Satynowa sp\u00f3dniczka mini - Affair<\/title>\n<meta name=\"robots\" content=\"index, follow, max-snippet:-1, max-image-preview:large, max-video-preview:-1\" \/>\n<link rel=\"canonical\" href=\"https:\/\/affair.pl\/en\/produkt\/satynowa-spodniczka-mini\/\" \/>\n<meta property=\"og:locale\" content=\"en_US\" \/>\n<meta property=\"og:type\" content=\"article\" \/>\n<meta property=\"og:title\" content=\"Satynowa sp\u00f3dniczka mini - Affair\" \/>\n<meta property=\"og:description\" content=\"Sp\u00f3dniczka mini, wykonana z lej\u0105cej satyny. Posiada d\u00f3\u0142 wyko\u0144czony koronk\u0105 i gumk\u0119 w pasie. Idealnie prezentuje si\u0119 w zestawie z prostym bia\u0142ym t-shirtem lub body. Ponadczasowy kr\u00f3j. Dost\u0119pna w trzech rozmiarach : 34, 36 i 38. Sk\u0142ad: 100% Wiskoza.\" \/>\n<meta property=\"og:url\" content=\"https:\/\/affair.pl\/en\/produkt\/satynowa-spodniczka-mini\/\" \/>\n<meta property=\"og:site_name\" content=\"Affair\" \/>\n<meta property=\"article:publisher\" content=\"https:\/\/www.facebook.com\/Affair-315460489176436\" \/>\n<meta property=\"article:modified_time\" content=\"2026-04-17T18:07:05+00:00\" \/>\n<meta name=\"twitter:card\" content=\"summary_large_image\" \/>\n<script type=\"application\/ld+json\" class=\"yoast-schema-graph\">{\"@context\":\"https:\\\/\\\/schema.org\",\"@graph\":[{\"@type\":\"WebPage\",\"@id\":\"https:\\\/\\\/affair.pl\\\/en\\\/produkt\\\/satynowa-spodniczka-mini\\\/\",\"url\":\"https:\\\/\\\/affair.pl\\\/en\\\/produkt\\\/satynowa-spodniczka-mini\\\/\",\"name\":\"Satynowa sp\u00f3dniczka mini - Affair\",\"isPartOf\":{\"@id\":\"https:\\\/\\\/affair.pl\\\/en\\\/#website\"},\"primaryImageOfPage\":{\"@id\":\"https:\\\/\\\/affair.pl\\\/en\\\/produkt\\\/satynowa-spodniczka-mini\\\/#primaryimage\"},\"image\":{\"@id\":\"https:\\\/\\\/affair.pl\\\/en\\\/produkt\\\/satynowa-spodniczka-mini\\\/#primaryimage\"},\"thumbnailUrl\":\"https:\\\/\\\/affair.pl\\\/wp-content\\\/uploads\\\/2026\\\/04\\\/Peachy_20260416145901433-scaled.jpg\",\"datePublished\":\"2026-04-17T06:11:08+00:00\",\"dateModified\":\"2026-04-17T18:07:05+00:00\",\"breadcrumb\":{\"@id\":\"https:\\\/\\\/affair.pl\\\/en\\\/produkt\\\/satynowa-spodniczka-mini\\\/#breadcrumb\"},\"inLanguage\":\"en-US\",\"potentialAction\":[{\"@type\":\"ReadAction\",\"target\":[\"https:\\\/\\\/affair.pl\\\/en\\\/produkt\\\/satynowa-spodniczka-mini\\\/\"]}]},{\"@type\":\"ImageObject\",\"inLanguage\":\"en-US\",\"@id\":\"https:\\\/\\\/affair.pl\\\/en\\\/produkt\\\/satynowa-spodniczka-mini\\\/#primaryimage\",\"url\":\"https:\\\/\\\/affair.pl\\\/wp-content\\\/uploads\\\/2026\\\/04\\\/Peachy_20260416145901433-scaled.jpg\",\"contentUrl\":\"https:\\\/\\\/affair.pl\\\/wp-content\\\/uploads\\\/2026\\\/04\\\/Peachy_20260416145901433-scaled.jpg\",\"width\":1876,\"height\":2560},{\"@type\":\"BreadcrumbList\",\"@id\":\"https:\\\/\\\/affair.pl\\\/en\\\/produkt\\\/satynowa-spodniczka-mini\\\/#breadcrumb\",\"itemListElement\":[{\"@type\":\"ListItem\",\"position\":1,\"name\":\"Affair\",\"item\":\"https:\\\/\\\/affair.pl\\\/en\\\/\"},{\"@type\":\"ListItem\",\"position\":2,\"name\":\"Shop\",\"item\":\"https:\\\/\\\/affair.pl\\\/en\\\/sklep\\\/\"},{\"@type\":\"ListItem\",\"position\":3,\"name\":\"Satynowa sp\u00f3dniczka mini\"}]},{\"@type\":\"WebSite\",\"@id\":\"https:\\\/\\\/affair.pl\\\/en\\\/#website\",\"url\":\"https:\\\/\\\/affair.pl\\\/en\\\/\",\"name\":\"Affair\",\"description\":\"Polska Marka | Sukienki damskie | Sukienki wieczorowe\",\"publisher\":{\"@id\":\"https:\\\/\\\/affair.pl\\\/en\\\/#organization\"},\"potentialAction\":[{\"@type\":\"SearchAction\",\"target\":{\"@type\":\"EntryPoint\",\"urlTemplate\":\"https:\\\/\\\/affair.pl\\\/en\\\/?s={search_term_string}\"},\"query-input\":{\"@type\":\"PropertyValueSpecification\",\"valueRequired\":true,\"valueName\":\"search_term_string\"}}],\"inLanguage\":\"en-US\"},{\"@type\":\"Organization\",\"@id\":\"https:\\\/\\\/affair.pl\\\/en\\\/#organization\",\"name\":\"Affair\",\"url\":\"https:\\\/\\\/affair.pl\\\/en\\\/\",\"logo\":{\"@type\":\"ImageObject\",\"inLanguage\":\"en-US\",\"@id\":\"https:\\\/\\\/affair.pl\\\/en\\\/#\\\/schema\\\/logo\\\/image\\\/\",\"url\":\"https:\\\/\\\/affair.pl\\\/wp-content\\\/uploads\\\/2020\\\/12\\\/affair-logo.svg\",\"contentUrl\":\"https:\\\/\\\/affair.pl\\\/wp-content\\\/uploads\\\/2020\\\/12\\\/affair-logo.svg\",\"width\":\"1024\",\"height\":\"1024\",\"caption\":\"Affair\"},\"image\":{\"@id\":\"https:\\\/\\\/affair.pl\\\/en\\\/#\\\/schema\\\/logo\\\/image\\\/\"},\"sameAs\":[\"https:\\\/\\\/www.facebook.com\\\/Affair-315460489176436\",\"https:\\\/\\\/www.instagram.com\\\/affair_warsaw\\\/\"]}]}<\/script>\n<!-- \/ Yoast SEO plugin. -->","yoast_head_json":{"title":"Satynowa sp\u00f3dniczka mini - Affair","robots":{"index":"index","follow":"follow","max-snippet":"max-snippet:-1","max-image-preview":"max-image-preview:large","max-video-preview":"max-video-preview:-1"},"canonical":"https:\/\/affair.pl\/en\/produkt\/satynowa-spodniczka-mini\/","og_locale":"en_US","og_type":"article","og_title":"Satynowa sp\u00f3dniczka mini - Affair","og_description":"Sp\u00f3dniczka mini, wykonana z lej\u0105cej satyny. Posiada d\u00f3\u0142 wyko\u0144czony koronk\u0105 i gumk\u0119 w pasie. Idealnie prezentuje si\u0119 w zestawie z prostym bia\u0142ym t-shirtem lub body. Ponadczasowy kr\u00f3j. Dost\u0119pna w trzech rozmiarach : 34, 36 i 38. Sk\u0142ad: 100% Wiskoza.","og_url":"https:\/\/affair.pl\/en\/produkt\/satynowa-spodniczka-mini\/","og_site_name":"Affair","article_publisher":"https:\/\/www.facebook.com\/Affair-315460489176436","article_modified_time":"2026-04-17T18:07:05+00:00","twitter_card":"summary_large_image","schema":{"@context":"https:\/\/schema.org","@graph":[{"@type":"WebPage","@id":"https:\/\/affair.pl\/en\/produkt\/satynowa-spodniczka-mini\/","url":"https:\/\/affair.pl\/en\/produkt\/satynowa-spodniczka-mini\/","name":"Satynowa sp\u00f3dniczka mini - Affair","isPartOf":{"@id":"https:\/\/affair.pl\/en\/#website"},"primaryImageOfPage":{"@id":"https:\/\/affair.pl\/en\/produkt\/satynowa-spodniczka-mini\/#primaryimage"},"image":{"@id":"https:\/\/affair.pl\/en\/produkt\/satynowa-spodniczka-mini\/#primaryimage"},"thumbnailUrl":"https:\/\/affair.pl\/wp-content\/uploads\/2026\/04\/Peachy_20260416145901433-scaled.jpg","datePublished":"2026-04-17T06:11:08+00:00","dateModified":"2026-04-17T18:07:05+00:00","breadcrumb":{"@id":"https:\/\/affair.pl\/en\/produkt\/satynowa-spodniczka-mini\/#breadcrumb"},"inLanguage":"en-US","potentialAction":[{"@type":"ReadAction","target":["https:\/\/affair.pl\/en\/produkt\/satynowa-spodniczka-mini\/"]}]},{"@type":"ImageObject","inLanguage":"en-US","@id":"https:\/\/affair.pl\/en\/produkt\/satynowa-spodniczka-mini\/#primaryimage","url":"https:\/\/affair.pl\/wp-content\/uploads\/2026\/04\/Peachy_20260416145901433-scaled.jpg","contentUrl":"https:\/\/affair.pl\/wp-content\/uploads\/2026\/04\/Peachy_20260416145901433-scaled.jpg","width":1876,"height":2560},{"@type":"BreadcrumbList","@id":"https:\/\/affair.pl\/en\/produkt\/satynowa-spodniczka-mini\/#breadcrumb","itemListElement":[{"@type":"ListItem","position":1,"name":"Affair","item":"https:\/\/affair.pl\/en\/"},{"@type":"ListItem","position":2,"name":"Shop","item":"https:\/\/affair.pl\/en\/sklep\/"},{"@type":"ListItem","position":3,"name":"Satynowa sp\u00f3dniczka mini"}]},{"@type":"WebSite","@id":"https:\/\/affair.pl\/en\/#website","url":"https:\/\/affair.pl\/en\/","name":"Affair","description":"Polska Marka | Sukienki damskie | Sukienki wieczorowe","publisher":{"@id":"https:\/\/affair.pl\/en\/#organization"},"potentialAction":[{"@type":"SearchAction","target":{"@type":"EntryPoint","urlTemplate":"https:\/\/affair.pl\/en\/?s={search_term_string}"},"query-input":{"@type":"PropertyValueSpecification","valueRequired":true,"valueName":"search_term_string"}}],"inLanguage":"en-US"},{"@type":"Organization","@id":"https:\/\/affair.pl\/en\/#organization","name":"Affair","url":"https:\/\/affair.pl\/en\/","logo":{"@type":"ImageObject","inLanguage":"en-US","@id":"https:\/\/affair.pl\/en\/#\/schema\/logo\/image\/","url":"https:\/\/affair.pl\/wp-content\/uploads\/2020\/12\/affair-logo.svg","contentUrl":"https:\/\/affair.pl\/wp-content\/uploads\/2020\/12\/affair-logo.svg","width":"1024","height":"1024","caption":"Affair"},"image":{"@id":"https:\/\/affair.pl\/en\/#\/schema\/logo\/image\/"},"sameAs":["https:\/\/www.facebook.com\/Affair-315460489176436","https:\/\/www.instagram.com\/affair_warsaw\/"]}]}},"_links":{"self":[{"href":"https:\/\/affair.pl\/en\/wp-json\/wp\/v2\/product\/141131","targetHints":{"allow":["GET"]}}],"collection":[{"href":"https:\/\/affair.pl\/en\/wp-json\/wp\/v2\/product"}],"about":[{"href":"https:\/\/affair.pl\/en\/wp-json\/wp\/v2\/types\/product"}],"wp:featuredmedia":[{"embeddable":true,"href":"https:\/\/affair.pl\/en\/wp-json\/wp\/v2\/media\/141132"}],"wp:attachment":[{"href":"https:\/\/affair.pl\/en\/wp-json\/wp\/v2\/media?parent=141131"}],"wp:term":[{"taxonomy":"product_brand","embeddable":true,"href":"https:\/\/affair.pl\/en\/wp-json\/wp\/v2\/product_brand?post=141131"},{"taxonomy":"product_cat","embeddable":true,"href":"https:\/\/affair.pl\/en\/wp-json\/wp\/v2\/product_cat?post=141131"},{"taxonomy":"product_tag","embeddable":true,"href":"https:\/\/affair.pl\/en\/wp-json\/wp\/v2\/product_tag?post=141131"}],"curies":[{"name":"wp","href":"https:\/\/api.w.org\/{rel}","templated":true}]}}