{"id":27304,"date":"2021-11-18T18:24:44","date_gmt":"2021-11-18T17:24:44","guid":{"rendered":"https:\/\/affair.pl\/contact\/"},"modified":"2025-06-18T20:32:11","modified_gmt":"2025-06-18T18:32:11","slug":"contact","status":"publish","type":"page","link":"https:\/\/affair.pl\/en\/contact\/","title":{"rendered":"Contact"},"content":{"rendered":"<div class=\"wpb-content-wrapper\"><p>[vc_row][vc_column width=&#8221;1\/2&#8243;][vc_single_image image=&#8221;124093&#8243; img_size=&#8221;large&#8221; css=&#8221;&#8221;][\/vc_column][vc_column width=&#8221;1\/2&#8243;][vc_column_text css=&#8221;&#8221;]<\/p>\n<h1>Contact<\/h1>\n<p><a href=\"mailto:office@affair.pl\">office@affair.pl<\/a><\/p>\n<p>Butik AFFAIR<br \/>\nul. Nowy \u015awiat 1<br \/>\n00-499 Warszawa<br \/>\nTel.: +48 571 501 818<\/p>\n<p>Opening hours:<br \/>\nMonday \u2013 Friday: 11 AM \u2013 7 PM<br \/>\nSaturday: 11 AM \u2013 4 PM<\/p>\n<p>Partner boutiques where you can find AFFAIR::<\/p>\n<ul>\n<li>LuiStore, Mokotowska 26, 00-561 Warsaw<\/li>\n<li>POP Concept Store, ul. Hemara 11\/U7 (Garnizon estate), 80-280 Gda\u0144sk<\/li>\n<li>TUTU Polish Designers, Stary Browar, P\u00f3\u0142wiejska 42, 61-888 Pozna\u0144<\/li>\n<\/ul>\n<p>[\/vc_column_text][\/vc_column][\/vc_row]<\/p>\n<\/div>","protected":false},"excerpt":{"rendered":"<p>[vc_row][vc_column width=&#8221;1\/2&#8243;][vc_single_image image=&#8221;124093&#8243; img_size=&#8221;large&#8221; css=&#8221;&#8221;][\/vc_column][vc_column width=&#8221;1\/2&#8243;][vc_column_text css=&#8221;&#8221;] Contact office@affair.pl Butik AFFAIR ul. Nowy \u015awiat 1 00-499 Warszawa Tel.: +48 571 501 818 Opening hours: Monday \u2013 Friday: 11 AM \u2013 7 PM Saturday: 11 AM \u2013 4 PM Partner boutiques where you can find AFFAIR:: LuiStore, Mokotowska 26, 00-561 Warsaw POP Concept Store, ul. Hemara [&hellip;]<\/p>\n","protected":false},"author":1,"featured_media":0,"parent":0,"menu_order":0,"comment_status":"closed","ping_status":"closed","template":"","meta":{"_acf_changed":false,"inline_featured_image":false,"footnotes":""},"class_list":["post-27304","page","type-page","status-publish","hentry"],"blocksy_meta":{"styles_descriptor":{"styles":{"desktop":"","tablet":"","mobile":""},"google_fonts":[],"version":6},"page_title_panel":"","has_hero_section":"disabled","77e79d0fc0791351bec3cb135d991496":"","hero_section":"type-1","hero_elements":[{"id":"custom_title","enabled":true,"heading_tag":"h1","title":"Strona g\u0142\u00f3wna"},{"id":"custom_description","enabled":true,"description_visibility":{"desktop":true,"tablet":true,"mobile":false}},{"id":"custom_meta","enabled":false,"meta_elements":[{"id":"author","enabled":true,"label":"Przez","has_author_avatar":"yes","avatar_size":25},{"id":"post_date","enabled":true,"label":"W\u0142\u0105cz","date_format_source":"default","date_format":"M j, Y"},{"id":"updated_date","enabled":false,"label":"W\u0142\u0105cz","date_format_source":"default","date_format":"M j, Y"},{"id":"categories","enabled":false,"label":"W","style":"simple"},{"id":"comments","enabled":true}],"page_meta_elements":{"joined":true,"articles_count":true,"comments":true}},{"id":"breadcrumbs","enabled":false}],"5f64a986ebff13707cdec8d58afd4723":"","hero_alignment1":"CT_CSS_SKIP_RULE","hero_margin":40,"hero_alignment2":"center","hero_vertical_alignment":"center","b430344241c1e297e5f8fa703f8a2eab":"","hero_structure":"narrow","17a3f200e6f230d11395dd30e1e8ed4c":"","page_title_bg_type":"featured_image","custom_hero_background":{"attachment_id":null},"page_title_image_size":"full","parallax":{"desktop":false,"tablet":false,"mobile":false},"efd59fa021b891d19fa2a21cc821fda8":"","hero_height":"250px","pageTitleFont":{"family":"Default","variation":"Default","size":"30px","line-height":"CT_CSS_SKIP_RULE","letter-spacing":"CT_CSS_SKIP_RULE","text-transform":"CT_CSS_SKIP_RULE","text-decoration":"CT_CSS_SKIP_RULE"},"pageTitleFontColor":{"default":{"color":"CT_CSS_SKIP_RULEDEFAULT"}},"pageMetaFont":{"family":"Default","variation":"n6","size":"12px","line-height":"1.3","letter-spacing":"CT_CSS_SKIP_RULE","text-transform":"uppercase","text-decoration":"CT_CSS_SKIP_RULE"},"pageMetaFontColor":{"default":{"color":"CT_CSS_SKIP_RULEDEFAULT"},"hover":{"color":"CT_CSS_SKIP_RULEDEFAULT"}},"page_meta_button_type_font_colors":{"default":{"color":"CT_CSS_SKIP_RULEDEFAULT"},"hover":{"color":"CT_CSS_SKIP_RULEDEFAULT"}},"page_meta_button_type_background_colors":{"default":{"color":"CT_CSS_SKIP_RULEDEFAULT"},"hover":{"color":"CT_CSS_SKIP_RULEDEFAULT"}},"pageExcerptFont":{"family":"Default","variation":"Default","size":"CT_CSS_SKIP_RULE","line-height":"CT_CSS_SKIP_RULE","letter-spacing":"CT_CSS_SKIP_RULE","text-transform":"CT_CSS_SKIP_RULE","text-decoration":"CT_CSS_SKIP_RULE"},"pageExcerptColor":{"default":{"color":"CT_CSS_SKIP_RULEDEFAULT"}},"breadcrumbsFont":{"family":"Default","variation":"Default","size":"CT_CSS_SKIP_RULE","line-height":"CT_CSS_SKIP_RULE","letter-spacing":"CT_CSS_SKIP_RULE","text-transform":"CT_CSS_SKIP_RULE","text-decoration":"CT_CSS_SKIP_RULE"},"breadcrumbsFontColor":{"default":{"color":"CT_CSS_SKIP_RULEDEFAULT"},"initial":{"color":"CT_CSS_SKIP_RULEDEFAULT"},"hover":{"color":"CT_CSS_SKIP_RULEDEFAULT"}},"pageTitleOverlay":{"background_type":"color","background_pattern":"type-1","background_image":{"attachment_id":null,"x":0,"y":0},"gradient":"linear-gradient(135deg,rgba(6,147,227,1) 0%,rgb(155,81,224) 100%)","background_repeat":"repeat","background_size":"auto","background_attachment":"scroll","patternColor":{"default":{"color":"#e5e7ea"}},"overlayColor":{"default":{"color":"CT_CSS_SKIP_RULE"}},"backgroundColor":{"default":{"color":"CT_CSS_SKIP_RULE"}}},"pageTitleBackground":{"background_type":"color","background_pattern":"type-1","background_image":{"attachment_id":null,"x":0,"y":0},"gradient":"linear-gradient(135deg,rgba(6,147,227,1) 0%,rgb(155,81,224) 100%)","background_repeat":"repeat","background_size":"auto","background_attachment":"scroll","patternColor":{"default":{"color":"#e5e7ea"}},"overlayColor":{"default":{"color":"CT_CSS_SKIP_RULE"}},"backgroundColor":{"default":{"color":"var(--theme-palette-color-6)"}}},"pageTitlePadding":{"top":"50px","bottom":"50px","left":"auto","right":"auto","linked":true},"ecfafb64f9281b8f6c8f84faf3d9ff71":"","page_structure_type":"default","daccecc01a79e4d33ff83ec9a1a86669":"","content_style_source":"inherit","content_style":"wide","vertical_spacing_source":"inherit","content_area_spacing":"both","background":{"background_type":"color","background_pattern":"type-1","background_image":{"attachment_id":null,"x":0,"y":0},"gradient":"linear-gradient(135deg,rgba(6,147,227,1) 0%,rgb(155,81,224) 100%)","background_repeat":"repeat","background_size":"auto","background_attachment":"scroll","patternColor":{"default":{"color":"#e5e7ea"}},"overlayColor":{"default":{"color":"CT_CSS_SKIP_RULE"}},"backgroundColor":{"default":{"color":"CT_CSS_SKIP_RULE"}}},"content_background":{"background_type":"color","background_pattern":"type-1","background_image":{"attachment_id":null,"x":0,"y":0},"gradient":"linear-gradient(135deg,rgba(6,147,227,1) 0%,rgb(155,81,224) 100%)","background_repeat":"repeat","background_size":"auto","background_attachment":"scroll","patternColor":{"default":{"color":"#e5e7ea"}},"overlayColor":{"default":{"color":"CT_CSS_SKIP_RULE"}},"backgroundColor":{"default":{"color":"var(--theme-palette-color-8)"}}},"content_boxed_shadow":{"inherit":false,"blur":18,"spread":-6,"v_offset":12,"h_offset":0,"inset":false,"enable":true,"color":{"color":"rgba(34, 56, 101, 0.04)"}},"content_boxed_border":{"width":1,"style":"none","color":{"color":"rgba(44,62,80,0.2)"}},"content_boxed_radius":{"top":"3px","bottom":"3px","left":"3px","right":"3px","linked":true},"boxed_content_spacing":{"desktop":{"top":"40px","bottom":"40px","left":"40px","right":"40px","linked":true},"tablet":{"top":"35px","bottom":"35px","left":"35px","right":"35px","linked":true},"mobile":{"top":"20px","bottom":"20px","left":"20px","right":"20px","linked":true}},"7f48c8ce7fb3fb294536befdcb6aab2f":"","disable_featured_image":"no","disable_share_box":"no","disable_header":"no","disable_footer":"no"},"acf":[],"yoast_head":"<!-- This site is optimized with the Yoast SEO plugin v27.5 - https:\/\/yoast.com\/product\/yoast-seo-wordpress\/ -->\n<title>Contact - Affair<\/title>\n<meta name=\"robots\" content=\"index, follow, max-snippet:-1, max-image-preview:large, max-video-preview:-1\" \/>\n<link rel=\"canonical\" href=\"https:\/\/affair.pl\/en\/contact\/\" \/>\n<meta property=\"og:locale\" content=\"en_US\" \/>\n<meta property=\"og:type\" content=\"article\" \/>\n<meta property=\"og:title\" content=\"Contact - Affair\" \/>\n<meta property=\"og:description\" content=\"[vc_row][vc_column width=&#8221;1\/2&#8243;][vc_single_image image=&#8221;124093&#8243; img_size=&#8221;large&#8221; css=&#8221;&#8221;][\/vc_column][vc_column width=&#8221;1\/2&#8243;][vc_column_text css=&#8221;&#8221;] Contact office@affair.pl Butik AFFAIR ul. Nowy \u015awiat 1 00-499 Warszawa Tel.: +48 571 501 818 Opening hours: Monday \u2013 Friday: 11 AM \u2013 7 PM Saturday: 11 AM \u2013 4 PM Partner boutiques where you can find AFFAIR:: LuiStore, Mokotowska 26, 00-561 Warsaw POP Concept Store, ul. Hemara [&hellip;]\" \/>\n<meta property=\"og:url\" content=\"https:\/\/affair.pl\/en\/contact\/\" \/>\n<meta property=\"og:site_name\" content=\"Affair\" \/>\n<meta property=\"article:publisher\" content=\"https:\/\/www.facebook.com\/Affair-315460489176436\" \/>\n<meta property=\"article:modified_time\" content=\"2025-06-18T18:32:11+00:00\" \/>\n<meta name=\"twitter:card\" content=\"summary_large_image\" \/>\n<script type=\"application\/ld+json\" class=\"yoast-schema-graph\">{\"@context\":\"https:\\\/\\\/schema.org\",\"@graph\":[{\"@type\":\"WebPage\",\"@id\":\"https:\\\/\\\/affair.pl\\\/en\\\/contact\\\/\",\"url\":\"https:\\\/\\\/affair.pl\\\/en\\\/contact\\\/\",\"name\":\"Contact - Affair\",\"isPartOf\":{\"@id\":\"https:\\\/\\\/affair.pl\\\/en\\\/#website\"},\"datePublished\":\"2021-11-18T17:24:44+00:00\",\"dateModified\":\"2025-06-18T18:32:11+00:00\",\"breadcrumb\":{\"@id\":\"https:\\\/\\\/affair.pl\\\/en\\\/contact\\\/#breadcrumb\"},\"inLanguage\":\"en-US\",\"potentialAction\":[{\"@type\":\"ReadAction\",\"target\":[\"https:\\\/\\\/affair.pl\\\/en\\\/contact\\\/\"]}]},{\"@type\":\"BreadcrumbList\",\"@id\":\"https:\\\/\\\/affair.pl\\\/en\\\/contact\\\/#breadcrumb\",\"itemListElement\":[{\"@type\":\"ListItem\",\"position\":1,\"name\":\"Affair\",\"item\":\"https:\\\/\\\/affair.pl\\\/en\\\/\"},{\"@type\":\"ListItem\",\"position\":2,\"name\":\"Contact\"}]},{\"@type\":\"WebSite\",\"@id\":\"https:\\\/\\\/affair.pl\\\/en\\\/#website\",\"url\":\"https:\\\/\\\/affair.pl\\\/en\\\/\",\"name\":\"Affair\",\"description\":\"Polska Marka | Sukienki damskie | Sukienki wieczorowe\",\"publisher\":{\"@id\":\"https:\\\/\\\/affair.pl\\\/en\\\/#organization\"},\"potentialAction\":[{\"@type\":\"SearchAction\",\"target\":{\"@type\":\"EntryPoint\",\"urlTemplate\":\"https:\\\/\\\/affair.pl\\\/en\\\/?s={search_term_string}\"},\"query-input\":{\"@type\":\"PropertyValueSpecification\",\"valueRequired\":true,\"valueName\":\"search_term_string\"}}],\"inLanguage\":\"en-US\"},{\"@type\":\"Organization\",\"@id\":\"https:\\\/\\\/affair.pl\\\/en\\\/#organization\",\"name\":\"Affair\",\"url\":\"https:\\\/\\\/affair.pl\\\/en\\\/\",\"logo\":{\"@type\":\"ImageObject\",\"inLanguage\":\"en-US\",\"@id\":\"https:\\\/\\\/affair.pl\\\/en\\\/#\\\/schema\\\/logo\\\/image\\\/\",\"url\":\"https:\\\/\\\/affair.pl\\\/wp-content\\\/uploads\\\/2020\\\/12\\\/affair-logo.svg\",\"contentUrl\":\"https:\\\/\\\/affair.pl\\\/wp-content\\\/uploads\\\/2020\\\/12\\\/affair-logo.svg\",\"width\":\"1024\",\"height\":\"1024\",\"caption\":\"Affair\"},\"image\":{\"@id\":\"https:\\\/\\\/affair.pl\\\/en\\\/#\\\/schema\\\/logo\\\/image\\\/\"},\"sameAs\":[\"https:\\\/\\\/www.facebook.com\\\/Affair-315460489176436\",\"https:\\\/\\\/www.instagram.com\\\/affair_warsaw\\\/\"]}]}<\/script>\n<!-- \/ Yoast SEO plugin. -->","yoast_head_json":{"title":"Contact - Affair","robots":{"index":"index","follow":"follow","max-snippet":"max-snippet:-1","max-image-preview":"max-image-preview:large","max-video-preview":"max-video-preview:-1"},"canonical":"https:\/\/affair.pl\/en\/contact\/","og_locale":"en_US","og_type":"article","og_title":"Contact - Affair","og_description":"[vc_row][vc_column width=&#8221;1\/2&#8243;][vc_single_image image=&#8221;124093&#8243; img_size=&#8221;large&#8221; css=&#8221;&#8221;][\/vc_column][vc_column width=&#8221;1\/2&#8243;][vc_column_text css=&#8221;&#8221;] Contact office@affair.pl Butik AFFAIR ul. Nowy \u015awiat 1 00-499 Warszawa Tel.: +48 571 501 818 Opening hours: Monday \u2013 Friday: 11 AM \u2013 7 PM Saturday: 11 AM \u2013 4 PM Partner boutiques where you can find AFFAIR:: LuiStore, Mokotowska 26, 00-561 Warsaw POP Concept Store, ul. Hemara [&hellip;]","og_url":"https:\/\/affair.pl\/en\/contact\/","og_site_name":"Affair","article_publisher":"https:\/\/www.facebook.com\/Affair-315460489176436","article_modified_time":"2025-06-18T18:32:11+00:00","twitter_card":"summary_large_image","schema":{"@context":"https:\/\/schema.org","@graph":[{"@type":"WebPage","@id":"https:\/\/affair.pl\/en\/contact\/","url":"https:\/\/affair.pl\/en\/contact\/","name":"Contact - Affair","isPartOf":{"@id":"https:\/\/affair.pl\/en\/#website"},"datePublished":"2021-11-18T17:24:44+00:00","dateModified":"2025-06-18T18:32:11+00:00","breadcrumb":{"@id":"https:\/\/affair.pl\/en\/contact\/#breadcrumb"},"inLanguage":"en-US","potentialAction":[{"@type":"ReadAction","target":["https:\/\/affair.pl\/en\/contact\/"]}]},{"@type":"BreadcrumbList","@id":"https:\/\/affair.pl\/en\/contact\/#breadcrumb","itemListElement":[{"@type":"ListItem","position":1,"name":"Affair","item":"https:\/\/affair.pl\/en\/"},{"@type":"ListItem","position":2,"name":"Contact"}]},{"@type":"WebSite","@id":"https:\/\/affair.pl\/en\/#website","url":"https:\/\/affair.pl\/en\/","name":"Affair","description":"Polska Marka | Sukienki damskie | Sukienki wieczorowe","publisher":{"@id":"https:\/\/affair.pl\/en\/#organization"},"potentialAction":[{"@type":"SearchAction","target":{"@type":"EntryPoint","urlTemplate":"https:\/\/affair.pl\/en\/?s={search_term_string}"},"query-input":{"@type":"PropertyValueSpecification","valueRequired":true,"valueName":"search_term_string"}}],"inLanguage":"en-US"},{"@type":"Organization","@id":"https:\/\/affair.pl\/en\/#organization","name":"Affair","url":"https:\/\/affair.pl\/en\/","logo":{"@type":"ImageObject","inLanguage":"en-US","@id":"https:\/\/affair.pl\/en\/#\/schema\/logo\/image\/","url":"https:\/\/affair.pl\/wp-content\/uploads\/2020\/12\/affair-logo.svg","contentUrl":"https:\/\/affair.pl\/wp-content\/uploads\/2020\/12\/affair-logo.svg","width":"1024","height":"1024","caption":"Affair"},"image":{"@id":"https:\/\/affair.pl\/en\/#\/schema\/logo\/image\/"},"sameAs":["https:\/\/www.facebook.com\/Affair-315460489176436","https:\/\/www.instagram.com\/affair_warsaw\/"]}]}},"_links":{"self":[{"href":"https:\/\/affair.pl\/en\/wp-json\/wp\/v2\/pages\/27304","targetHints":{"allow":["GET"]}}],"collection":[{"href":"https:\/\/affair.pl\/en\/wp-json\/wp\/v2\/pages"}],"about":[{"href":"https:\/\/affair.pl\/en\/wp-json\/wp\/v2\/types\/page"}],"author":[{"embeddable":true,"href":"https:\/\/affair.pl\/en\/wp-json\/wp\/v2\/users\/1"}],"replies":[{"embeddable":true,"href":"https:\/\/affair.pl\/en\/wp-json\/wp\/v2\/comments?post=27304"}],"version-history":[{"count":3,"href":"https:\/\/affair.pl\/en\/wp-json\/wp\/v2\/pages\/27304\/revisions"}],"predecessor-version":[{"id":128114,"href":"https:\/\/affair.pl\/en\/wp-json\/wp\/v2\/pages\/27304\/revisions\/128114"}],"wp:attachment":[{"href":"https:\/\/affair.pl\/en\/wp-json\/wp\/v2\/media?parent=27304"}],"curies":[{"name":"wp","href":"https:\/\/api.w.org\/{rel}","templated":true}]}}